{"id":1303,"date":"2016-11-10T09:07:23","date_gmt":"2016-11-10T08:07:23","guid":{"rendered":"http:\/\/wp.imithemes.com\/gaea-pb\/?page_id=1303"},"modified":"2022-04-05T09:36:13","modified_gmt":"2022-04-05T07:36:13","slug":"aktiviteits-kalenner","status":"publish","type":"page","link":"https:\/\/naturemwelt-nordstad.lu\/index.php\/aktiviteits-kalenner\/","title":{"rendered":"Aktivit\u00e9it&#8217;s Kalenner"},"content":{"rendered":"<div id=\"pl-1303\"  class=\"panel-layout\" ><div id=\"pg-1303-0\"  class=\"panel-grid panel-has-style\" ><div class=\"siteorigin-panels-stretch panel-row-style panel-row-style-for-1303-0\" data-stretch-type=\"full\" ><div id=\"pgc-1303-0-0\"  class=\"panel-grid-cell\" ><div id=\"panel-1303-0-0-0\" class=\"so-panel widget widget_sow-button panel-first-child\" data-index=\"0\" ><div\n\t\t\t\n\t\t\tclass=\"so-widget-sow-button so-widget-sow-button-atom-857739567c6a-1303\"\n\t\t\t\n\t\t><div class=\"ow-button-base ow-button-align-center\"\n>\n\t\t\t<a\n\t\t\t\t\thref=\"https:\/\/naturemwelt-nordstad.lu\/wp-content\/uploads\/2022\/01\/Programm-2022.pdf\"\n\t\t\t\t\tclass=\"sowb-button ow-icon-placement-left ow-button-hover\" target=\"_blank\" rel=\"noopener noreferrer\" \t>\n\t\t<span>\n\t\t\t<span class=\"sow-icon-icomoon\" data-sow-icon=\"&#xe960;\"\n\t\tstyle=\"\" \n\t\taria-hidden=\"true\"><\/span>\n\t\t\tEisen kompletten Programm als PDF erooflueden!\t\t<\/span>\n\t\t\t<\/a>\n\t<\/div>\n<\/div><\/div><div id=\"panel-1303-0-0-1\" class=\"so-panel widget widget_event-list-future-past-widget panel-last-child\" data-index=\"1\" ><div\n\t\t\t\n\t\t\tclass=\"so-widget-event-list-future-past-widget so-widget-event-list-future-past-widget-base\"\n\t\t\t\n\t\t>  <div class=\"events-listing\" id=\"ajax_events\">\n    <div class=\"listing-header\">\n      <a href=\"javascript:\" class=\"pastevents btn btn-default pull-right btn-sm\" rel=\"\" id=\"past-4\">Vergaangen Aktivit\u00e9iten<\/a>\n      <h2 class=\"title \">N\u00e4chst Aktivit\u00e9iten<\/h2>\n    <\/div>\n    <ul class=\"upcoming-events listing-content\">\n                <li>\n            <a href=\"https:\/\/naturemwelt-nordstad.lu\/?event=beringen-von-wasseramseln-3&#038;event_date=2026-04-25\" class=\"event-details-btn\"><i class=\"fa fa-angle-right\"><\/i><\/a>\n            <img decoding=\"async\" src=\"https:\/\/naturemwelt-nordstad.lu\/wp-content\/uploads\/2022\/04\/Wasseramsel-80x80.jpg\" class=\"img-thumbnail event-thumb wp-post-image\" alt=\"\" srcset=\"https:\/\/naturemwelt-nordstad.lu\/wp-content\/uploads\/2022\/04\/Wasseramsel-80x80.jpg 80w, https:\/\/naturemwelt-nordstad.lu\/wp-content\/uploads\/2022\/04\/Wasseramsel-150x150.jpg 150w, https:\/\/naturemwelt-nordstad.lu\/wp-content\/uploads\/2022\/04\/Wasseramsel-100x100.jpg 100w\" sizes=\"(max-width: 80px) 100vw, 80px\" \/>            <span class=\"event-date\" >\n              <span class=\"day\">25<\/span>\n              <span class=\"monthyear\">Abr., 26<\/span>\n            <\/span>\n            <div class=\"event-excerpt\">\n              <div class=\"event-cats meta-data\"><a href=\"https:\/\/naturemwelt-nordstad.lu\/?event-category=aktiviteir\" rel=\"tag\">Familljen-Aktivit\u00e9it<\/a><\/div>\n              <h5 class=\"event-title\"><a href=\"https:\/\/naturemwelt-nordstad.lu\/?event=beringen-von-wasseramseln-3&#038;event_date=2026-04-25\">Beringen von Wasseramseln<\/a><\/h5>\n              <p class=\"event-inline-date\"><i class=\"fa fa-clock-o\"><\/i> 25. Abr\u00ebll 2026<\/p>                <p class=\"event-location\"><i class=\"fa fa-map-marker\"><\/i> Bleesbruck, Bettendorf L-9359<\/p>            <\/div>\n          <\/li>          <li>\n            <a href=\"https:\/\/naturemwelt-nordstad.lu\/?event=naturausflug-3&#038;event_date=2026-05-01\" class=\"event-details-btn\"><i class=\"fa fa-angle-right\"><\/i><\/a>\n            <img decoding=\"async\" src=\"https:\/\/naturemwelt-nordstad.lu\/wp-content\/uploads\/2026\/01\/Ditgesbaach_Hierscht-80x80.jpg\" class=\"img-thumbnail event-thumb wp-post-image\" alt=\"\" srcset=\"https:\/\/naturemwelt-nordstad.lu\/wp-content\/uploads\/2026\/01\/Ditgesbaach_Hierscht-80x80.jpg 80w, https:\/\/naturemwelt-nordstad.lu\/wp-content\/uploads\/2026\/01\/Ditgesbaach_Hierscht-150x150.jpg 150w, https:\/\/naturemwelt-nordstad.lu\/wp-content\/uploads\/2026\/01\/Ditgesbaach_Hierscht-100x100.jpg 100w\" sizes=\"(max-width: 80px) 100vw, 80px\" \/>            <span class=\"event-date\" >\n              <span class=\"day\">01<\/span>\n              <span class=\"monthyear\">Mai, 26<\/span>\n            <\/span>\n            <div class=\"event-excerpt\">\n              <div class=\"event-cats meta-data\"><a href=\"https:\/\/naturemwelt-nordstad.lu\/?event-category=wanderen\" rel=\"tag\">Wanderen<\/a><\/div>\n              <h5 class=\"event-title\"><a href=\"https:\/\/naturemwelt-nordstad.lu\/?event=naturausflug-3&#038;event_date=2026-05-01\">Naturausflug<\/a><\/h5>\n              <p class=\"event-inline-date\"><i class=\"fa fa-clock-o\"><\/i> 1. Mai 2026<\/p>                <p class=\"event-location\"><i class=\"fa fa-map-marker\"><\/i> Rue du Cimetiere, L-9012 Ettelbr\u00fcck<\/p>            <\/div>\n          <\/li>          <li>\n            <a href=\"https:\/\/naturemwelt-nordstad.lu\/?event=orchideenwanderung&#038;event_date=2026-05-24\" class=\"event-details-btn\"><i class=\"fa fa-angle-right\"><\/i><\/a>\n            <img decoding=\"async\" src=\"https:\/\/naturemwelt-nordstad.lu\/wp-content\/uploads\/2026\/01\/Orchidee-80x80.jpeg\" class=\"img-thumbnail event-thumb wp-post-image\" alt=\"\" srcset=\"https:\/\/naturemwelt-nordstad.lu\/wp-content\/uploads\/2026\/01\/Orchidee-80x80.jpeg 80w, https:\/\/naturemwelt-nordstad.lu\/wp-content\/uploads\/2026\/01\/Orchidee-150x150.jpeg 150w, https:\/\/naturemwelt-nordstad.lu\/wp-content\/uploads\/2026\/01\/Orchidee-100x100.jpeg 100w\" sizes=\"(max-width: 80px) 100vw, 80px\" \/>            <span class=\"event-date\" >\n              <span class=\"day\">24<\/span>\n              <span class=\"monthyear\">Mai, 26<\/span>\n            <\/span>\n            <div class=\"event-excerpt\">\n              <div class=\"event-cats meta-data\"><a href=\"https:\/\/naturemwelt-nordstad.lu\/?event-category=aktiviteir\" rel=\"tag\">Familljen-Aktivit\u00e9it<\/a><\/div>\n              <h5 class=\"event-title\"><a href=\"https:\/\/naturemwelt-nordstad.lu\/?event=orchideenwanderung&#038;event_date=2026-05-24\">Orchideenwanderung<\/a><\/h5>\n              <p class=\"event-inline-date\"><i class=\"fa fa-clock-o\"><\/i> 24. Mai 2026<\/p>                <p class=\"event-location\"><i class=\"fa fa-map-marker\"><\/i> Herrenberg, Diekirch<\/p>            <\/div>\n          <\/li>    <\/ul>\n  <\/div>\n<\/div><\/div><\/div><\/div><\/div><\/div>","protected":false},"excerpt":{"rendered":"<p>Eisen kompletten Programm als PDF erooflueden! Vergaangen Aktivit\u00e9iten N\u00e4chst Aktivit\u00e9iten 25 Abr., 26 Familljen-Aktivit\u00e9it Beringen von Wasseramseln 25. Abr\u00ebll 2026 Bleesbruck, Bettendorf L-9359 01 Mai, 26 Wanderen Naturausflug 1. Mai 2026 Rue du Cimetiere, L-9012 Ettelbr\u00fcck 24 Mai, 26 Familljen-Aktivit\u00e9it Orchideenwanderung 24. Mai 2026 Herrenberg, Diekirch<\/p>\n","protected":false},"author":1,"featured_media":0,"parent":0,"menu_order":0,"comment_status":"closed","ping_status":"closed","template":"","meta":{"footnotes":""},"class_list":["post-1303","page","type-page","status-publish","hentry"],"_links":{"self":[{"href":"https:\/\/naturemwelt-nordstad.lu\/index.php\/wp-json\/wp\/v2\/pages\/1303","targetHints":{"allow":["GET"]}}],"collection":[{"href":"https:\/\/naturemwelt-nordstad.lu\/index.php\/wp-json\/wp\/v2\/pages"}],"about":[{"href":"https:\/\/naturemwelt-nordstad.lu\/index.php\/wp-json\/wp\/v2\/types\/page"}],"author":[{"embeddable":true,"href":"https:\/\/naturemwelt-nordstad.lu\/index.php\/wp-json\/wp\/v2\/users\/1"}],"replies":[{"embeddable":true,"href":"https:\/\/naturemwelt-nordstad.lu\/index.php\/wp-json\/wp\/v2\/comments?post=1303"}],"version-history":[{"count":26,"href":"https:\/\/naturemwelt-nordstad.lu\/index.php\/wp-json\/wp\/v2\/pages\/1303\/revisions"}],"predecessor-version":[{"id":3861,"href":"https:\/\/naturemwelt-nordstad.lu\/index.php\/wp-json\/wp\/v2\/pages\/1303\/revisions\/3861"}],"wp:attachment":[{"href":"https:\/\/naturemwelt-nordstad.lu\/index.php\/wp-json\/wp\/v2\/media?parent=1303"}],"curies":[{"name":"wp","href":"https:\/\/api.w.org\/{rel}","templated":true}]}}