{"id":2032,"date":"2018-04-18T17:02:52","date_gmt":"2018-04-18T15:02:52","guid":{"rendered":"https:\/\/naturemwelt-nordstad.lu\/?page_id=2032"},"modified":"2026-02-05T13:38:11","modified_gmt":"2026-02-05T12:38:11","slug":"member-ginn","status":"publish","type":"page","link":"https:\/\/naturemwelt-nordstad.lu\/index.php\/member-ginn\/","title":{"rendered":"Member ginn"},"content":{"rendered":"<div id=\"pl-2032\"  class=\"panel-layout\" ><div id=\"pg-2032-0\"  class=\"panel-grid panel-no-style\" ><div id=\"pgc-2032-0-0\"  class=\"panel-grid-cell panel-grid-cell-empty\" ><\/div><div id=\"pgc-2032-0-1\"  class=\"panel-grid-cell panel-grid-cell-mobile-last\" ><div id=\"panel-2032-0-1-0\" class=\"so-panel widget widget_sow-editor panel-first-child\" data-index=\"0\" ><div\n\t\t\t\n\t\t\tclass=\"so-widget-sow-editor so-widget-sow-editor-base\"\n\t\t\t\n\t\t>\n<div class=\"siteorigin-widget-tinymce textwidget\">\n\t<h3>Gitt och Dir Member bei natur&amp;\u00ebmwelt an h\u00eblleft der Natur!<\/h3>\n<h3>Follgend Memberschafte stinn zur Auswiel:<\/h3>\n<\/div>\n<\/div><\/div><div id=\"panel-2032-0-1-1\" class=\"so-panel widget widget_sow-price-table\" data-index=\"1\" ><div\n\t\t\t\n\t\t\tclass=\"so-widget-sow-price-table so-widget-sow-price-table-atom-e81c2a5e7c3b-2032\"\n\t\t\t\n\t\t>\n\n<div class=\"ow-pt-columns-atom sow-equalize-row-heights\">\n\n\t\t\t<div class=\"ow-pt-column ow-pt-first ow-pt-even\"\n\t\t\tstyle=\"width: 25%\">\n\t\t\t<div class=\"ow-pt-title\">\n\t\t\t\tStudenten-\/Jugend-\t\t\t\t\t\t\t\t\t<div class=\"ow-pt-subtitle\">\n\t\t\t\t\t\tMemberschaft*\t\t\t\t\t<\/div>\n\t\t\t\t\t\t\t<\/div>\n\n\t\t\t<div class=\"ow-pt-details\">\n\t\t\t\t<div class=\"ow-pt-price\">\n\t\t\t\t\t12 \u20ac\t\t\t\t<\/div>\n\t\t\t\t\t\t\t\t<div class=\"ow-pt-per\">pro Joer<\/div>\n\t\t\t<\/div>\n\n\t\t\t\n\t\t\t<div class=\"ow-pt-features\">\n\t\t\t\t\t\t\t<\/div>\n\n\t\t\t\t\t<\/div>\n\t\t\t\t<div class=\"ow-pt-column ow-pt-odd\"\n\t\t\tstyle=\"width: 25%\">\n\t\t\t<div class=\"ow-pt-title\">\n\t\t\t\tEenzel-\t\t\t\t\t\t\t\t\t<div class=\"ow-pt-subtitle\">\n\t\t\t\t\t\tMemberschaft\t\t\t\t\t<\/div>\n\t\t\t\t\t\t\t<\/div>\n\n\t\t\t<div class=\"ow-pt-details\">\n\t\t\t\t<div class=\"ow-pt-price\">\n\t\t\t\t\t48 \u20ac\t\t\t\t<\/div>\n\t\t\t\t\t\t\t\t<div class=\"ow-pt-per\">pro Joer<\/div>\n\t\t\t<\/div>\n\n\t\t\t\n\t\t\t<div class=\"ow-pt-features\">\n\t\t\t\t\t\t\t<\/div>\n\n\t\t\t\t\t<\/div>\n\t\t\t\t<div class=\"ow-pt-column ow-pt-even\"\n\t\t\tstyle=\"width: 25%\">\n\t\t\t<div class=\"ow-pt-title\">\n\t\t\t\tFamillje-\t\t\t\t\t\t\t\t\t<div class=\"ow-pt-subtitle\">\n\t\t\t\t\t\tMemberschaft\t\t\t\t\t<\/div>\n\t\t\t\t\t\t\t<\/div>\n\n\t\t\t<div class=\"ow-pt-details\">\n\t\t\t\t<div class=\"ow-pt-price\">\n\t\t\t\t\t72 \u20ac\t\t\t\t<\/div>\n\t\t\t\t\t\t\t\t<div class=\"ow-pt-per\">pro Joer<\/div>\n\t\t\t<\/div>\n\n\t\t\t\n\t\t\t<div class=\"ow-pt-features\">\n\t\t\t\t\t\t\t<\/div>\n\n\t\t\t\t\t<\/div>\n\t\t\t\t<div class=\"ow-pt-column ow-pt-last ow-pt-odd\"\n\t\t\tstyle=\"width: 25%\">\n\t\t\t<div class=\"ow-pt-title\">\n\t\t\t\tF\u00ebrder-\t\t\t\t\t\t\t\t\t<div class=\"ow-pt-subtitle\">\n\t\t\t\t\t\tMemberschaft\t\t\t\t\t<\/div>\n\t\t\t\t\t\t\t<\/div>\n\n\t\t\t<div class=\"ow-pt-details\">\n\t\t\t\t<div class=\"ow-pt-price\">\n\t\t\t\t\t120 \u20ac\t\t\t\t<\/div>\n\t\t\t\t\t\t\t\t<div class=\"ow-pt-per\">pro Joer<\/div>\n\t\t\t<\/div>\n\n\t\t\t\n\t\t\t<div class=\"ow-pt-features\">\n\t\t\t\t\t\t\t<\/div>\n\n\t\t\t\t\t<\/div>\n\t\t<\/div>\n<\/div><\/div><div id=\"panel-2032-0-1-2\" class=\"so-panel widget widget_sow-editor\" data-index=\"2\" ><div\n\t\t\t\n\t\t\tclass=\"so-widget-sow-editor so-widget-sow-editor-base\"\n\t\t\t\n\t\t>\n<div class=\"siteorigin-widget-tinymce textwidget\">\n\t<h5>* (< 26 Joer)<\/h5>\n<h3>Per Iwwerweisung:<\/h3>\n<blockquote><p>IBAN\u00a0 <strong>LU07 1111 0089 0982 0000<\/strong><br \/>\nBIC\u00a0\u00a0\u00a0 <strong>CCPLLULL<\/strong><\/p><\/blockquote>\n<h5>mam Vermierk:<\/h5>\n<blockquote><p>\"Memberschaft natur&amp;\u00ebmwelt Sektioun Nordstad\"<br \/>\n(an evtl. \u00c4ren Numm souw\u00e9i \u00c4r Adress)<\/p><\/blockquote>\n<\/div>\n<\/div><\/div><div id=\"panel-2032-0-1-3\" class=\"so-panel widget widget_sow-editor panel-last-child\" data-index=\"3\" ><div\n\t\t\t\n\t\t\tclass=\"so-widget-sow-editor so-widget-sow-editor-base\"\n\t\t\t\n\t\t>\n<div class=\"siteorigin-widget-tinymce textwidget\">\n\t<h3>Waat mir eisen Memberen bidden:<\/h3>\n<blockquote>\n<p>6x am Joer eis Z\u00e4itschr\u00ebft \"Regulus\" heem gesch\u00e9ckt, mat Artikelen an Informatiounen iwwert den Naturschutz.<\/p>\n<\/blockquote>\n<p>&nbsp;<\/p>\n<blockquote>\n<p>Deelhuelen u prakteschen Naturschutz-Aktivit\u00e9iten (Uplanzung a Fleege vun Hecken, Uebstbeem ...).<\/p>\n<\/blockquote>\n<p>&nbsp;<\/p>\n<blockquote>\n<p>Wanderungen, Familljen-Aktivit\u00e9iten, Chantiers Nature ...<\/p>\n<\/blockquote>\n<\/div>\n<\/div><\/div><\/div><div id=\"pgc-2032-0-2\"  class=\"panel-grid-cell panel-grid-cell-empty\" ><\/div><\/div><\/div>","protected":false},"excerpt":{"rendered":"<p>Gitt och Dir Member bei natur&amp;\u00ebmwelt an h\u00eblleft der Natur! Follgend Memberschafte stinn zur Auswiel: * (< 26 Joer) Per Iwwerweisung: IBAN\u00a0 LU07 1111 0089 0982 0000 BIC\u00a0\u00a0\u00a0 CCPLLULL mam Vermierk: \"Memberschaft natur&amp;\u00ebmwelt Sektioun Nordstad\" (an evtl. \u00c4ren Numm souw\u00e9i \u00c4r Adress) Waat mir eisen Memberen bidden: 6x am Joer eis Z\u00e4itschr\u00ebft \"Regulus\" heem gesch\u00e9ckt, [&hellip;]\n<\/p>\n","protected":false},"author":2,"featured_media":0,"parent":0,"menu_order":0,"comment_status":"closed","ping_status":"closed","template":"","meta":{"footnotes":""},"class_list":["post-2032","page","type-page","status-publish","hentry"],"_links":{"self":[{"href":"https:\/\/naturemwelt-nordstad.lu\/index.php\/wp-json\/wp\/v2\/pages\/2032","targetHints":{"allow":["GET"]}}],"collection":[{"href":"https:\/\/naturemwelt-nordstad.lu\/index.php\/wp-json\/wp\/v2\/pages"}],"about":[{"href":"https:\/\/naturemwelt-nordstad.lu\/index.php\/wp-json\/wp\/v2\/types\/page"}],"author":[{"embeddable":true,"href":"https:\/\/naturemwelt-nordstad.lu\/index.php\/wp-json\/wp\/v2\/users\/2"}],"replies":[{"embeddable":true,"href":"https:\/\/naturemwelt-nordstad.lu\/index.php\/wp-json\/wp\/v2\/comments?post=2032"}],"version-history":[{"count":42,"href":"https:\/\/naturemwelt-nordstad.lu\/index.php\/wp-json\/wp\/v2\/pages\/2032\/revisions"}],"predecessor-version":[{"id":4029,"href":"https:\/\/naturemwelt-nordstad.lu\/index.php\/wp-json\/wp\/v2\/pages\/2032\/revisions\/4029"}],"wp:attachment":[{"href":"https:\/\/naturemwelt-nordstad.lu\/index.php\/wp-json\/wp\/v2\/media?parent=2032"}],"curies":[{"name":"wp","href":"https:\/\/api.w.org\/{rel}","templated":true}]}}